{"id":71,"date":"2024-08-16T10:25:46","date_gmt":"2024-08-16T10:25:46","guid":{"rendered":"https:\/\/sonnjar.fi\/?page_id=71"},"modified":"2025-01-04T11:21:37","modified_gmt":"2025-01-04T11:21:37","slug":"yhteystiedot","status":"publish","type":"page","link":"https:\/\/sonnjar.fi\/?page_id=71","title":{"rendered":"Yhteystiedot"},"content":{"rendered":"<p>\u00a0<\/p>\n\u00a0\n<p><\/p>\n<p class=\"is-layout-constrained wp-container-core-group-is-layout-2f3826cf wp-block-group-is-layout-constrained\"><\/p>\n<p class=\"is-layout-flow wp-block-group-is-layout-flow\"><\/p>\n<h1 class=\"wp-block-heading\">Ota yhteytt\u00e4<\/h1>\n<p><\/p>\n<p><\/p>\n<h2 class=\"wp-block-heading\" id=\"feel-free-to-contact-me-anytime\">Ota yhteytt\u00e4 s\u00e4hk\u00f6postitse, Whatsappilla tai puhelimitse.<\/h2>\n<p><\/p>\n<p><\/p>\n<p>Puhelin\/Whatsapp: +358-40 5716589<br \/>Email: <a style=\"background-color: var(--wp--preset--color--background); font-family: var( --e-global-typography-text-font-family ), Sans-serif; font-weight: var( --e-global-typography-text-font-weight ); font-size: var(--wp--preset--font-size--base);\" href=\"mailto:sonnjar@gmail.com\">sonnjar@gmail.com<\/a><br \/>Instagram: @<a href=\"http:\/\/www.instagram.com\/tmisonnjar\">tmisonnjar<\/a><br \/>Facebook: <a href=\"http:\/\/www.facebook.com\/sonnjar\">tmisonnjar<\/a><\/p>\n<p><\/p>\n<p><\/p>\n<p><\/p>\n<p><!-- \/wp:post-content --><\/p>\t\t\n\t\t\t<iframe loading=\"lazy\"\n\t\t\t\t\tsrc=\"https:\/\/maps.google.com\/maps?q=Tmi%20sonnjar&#038;t=m&#038;z=10&#038;output=embed&#038;iwloc=near\"\n\t\t\t\t\ttitle=\"Tmi sonnjar\"\n\t\t\t\t\taria-label=\"Tmi sonnjar\"\n\t\t\t><\/iframe>\n\t\t\t\t\t\t\t\t\t<h4>\n\t\t\t\t\t\t\tOsoite:\t\t\t\t\t\t\n\t\t\t\t\t<\/h4>\n\t\t\t\t\t\t\t\t\t<p>\n\t\t\t\t\t\tHotellintie 6, 95980 Yll\u00e4sj\u00e4rvi\t\t\t\t\t<\/p>","protected":false},"excerpt":{"rendered":"<p>\u00a0 \u00a0 Ota yhteytt\u00e4 Ota yhteytt\u00e4 s\u00e4hk\u00f6postitse, Whatsappilla tai puhelimitse. Puhelin\/Whatsapp: +358-40 5716589Email: sonnjar@gmail.comInstagram: @tmisonnjarFacebook: tmisonnjar Osoite: Hotellintie 6, 95980 Yll\u00e4sj\u00e4rvi<\/p>\n","protected":false},"author":1,"featured_media":0,"parent":0,"menu_order":0,"comment_status":"closed","ping_status":"closed","template":"","meta":{"footnotes":""},"class_list":["post-71","page","type-page","status-publish","hentry"],"_links":{"self":[{"href":"https:\/\/sonnjar.fi\/index.php?rest_route=\/wp\/v2\/pages\/71","targetHints":{"allow":["GET"]}}],"collection":[{"href":"https:\/\/sonnjar.fi\/index.php?rest_route=\/wp\/v2\/pages"}],"about":[{"href":"https:\/\/sonnjar.fi\/index.php?rest_route=\/wp\/v2\/types\/page"}],"author":[{"embeddable":true,"href":"https:\/\/sonnjar.fi\/index.php?rest_route=\/wp\/v2\/users\/1"}],"replies":[{"embeddable":true,"href":"https:\/\/sonnjar.fi\/index.php?rest_route=%2Fwp%2Fv2%2Fcomments&post=71"}],"version-history":[{"count":21,"href":"https:\/\/sonnjar.fi\/index.php?rest_route=\/wp\/v2\/pages\/71\/revisions"}],"predecessor-version":[{"id":181,"href":"https:\/\/sonnjar.fi\/index.php?rest_route=\/wp\/v2\/pages\/71\/revisions\/181"}],"wp:attachment":[{"href":"https:\/\/sonnjar.fi\/index.php?rest_route=%2Fwp%2Fv2%2Fmedia&parent=71"}],"curies":[{"name":"wp","href":"https:\/\/api.w.org\/{rel}","templated":true}]}}