{"id":68,"date":"2024-08-16T10:11:03","date_gmt":"2024-08-16T10:11:03","guid":{"rendered":"https:\/\/sonnjar.fi\/?page_id=68"},"modified":"2024-12-18T12:19:22","modified_gmt":"2024-12-18T12:19:22","slug":"toimipisteeni","status":"publish","type":"page","link":"https:\/\/sonnjar.fi\/?page_id=68","title":{"rendered":"Toimipisteeni"},"content":{"rendered":"\n<div class=\"wp-block-group is-layout-flow wp-block-group-is-layout-flow\">\n<div class=\"wp-block-columns is-layout-flex wp-container-core-columns-is-layout-e05d3243 wp-block-columns-is-layout-flex\" style=\"padding-top:0px;padding-right:0px;padding-bottom:0px;padding-left:0px\">\n<div class=\"wp-block-column is-layout-flow wp-block-column-is-layout-flow\">\n<div class=\"wp-block-group has-background-light-background-color has-background is-layout-flow wp-block-group-is-layout-flow\" style=\"padding-top:15%;padding-right:20%;padding-bottom:15%;padding-left:20%\">\n<h2 class=\"wp-block-heading has-large-font-size\" id=\"my-travel-gear\" style=\"line-height:1.2\">Yll\u00e4sj\u00e4rvi<\/h2>\n\n\n\n<p class=\"has-medium-font-size\" style=\"line-height:1.4\">Toimipisteeni sijaitsee hotelli Yll\u00e4srinteen p\u00e4\u00e4rakennuksen yhteydess\u00e4 Yll\u00e4sj\u00e4rven Palovaarassa.<\/p>\n\n\n\n<p>Toimipisteeni osoite on Hotellintie 6, 95980 Yll\u00e4sj\u00e4rvi. Huomioithan, ett\u00e4 hotellin p\u00e4\u00e4rakennus sijaitsee saapuessasi oikealla ennen alhaalla sijaitsevaa hotellin uutta osaa. Hierontaan saapuessasi odota minua vastaanoton aulassa, niin noudan sinut sielt\u00e4.<br><br>Teen my\u00f6s m\u00f6kki- ja kotik\u00e4yntej\u00e4 koko Tunturi-Lapin alueella niin Yll\u00e4ksell\u00e4 kuin Levill\u00e4kin. <br><br>Pyyd\u00e4 tarjousta erikseen soittamalla, WhatsAppilla tai s\u00e4hk\u00f6postilla. Yhteystiedot sivun yl\u00e4laidan linkin takaa.<\/p>\n\n\n\n<div style=\"height:10px\" aria-hidden=\"true\" class=\"wp-block-spacer\"><\/div>\n\n\n\n<h2 class=\"wp-block-heading is-style-ona-alt-font\">Sonja<\/h2>\n<\/div>\n<\/div>\n\n\n\n<div class=\"wp-block-column is-style-no-spacing is-layout-flow wp-block-column-is-layout-flow\">\n<div class=\"wp-block-cover is-light is-vertically-stretched\"><span aria-hidden=\"true\" class=\"wp-block-cover__background has-background-dim-0 has-background-dim\" style=\"background-color:#a78568\"><\/span><img fetchpriority=\"high\" decoding=\"async\" width=\"1440\" height=\"1800\" class=\"wp-block-cover__image-background wp-image-69\" alt=\"\" src=\"https:\/\/sonnjar.fi\/wp-content\/uploads\/2024\/08\/304771002_470525748417997_4674308681793480842_n.jpg\" data-object-fit=\"cover\" srcset=\"https:\/\/sonnjar.fi\/wp-content\/uploads\/2024\/08\/304771002_470525748417997_4674308681793480842_n.jpg 1440w, https:\/\/sonnjar.fi\/wp-content\/uploads\/2024\/08\/304771002_470525748417997_4674308681793480842_n-240x300.jpg 240w, https:\/\/sonnjar.fi\/wp-content\/uploads\/2024\/08\/304771002_470525748417997_4674308681793480842_n-819x1024.jpg 819w, https:\/\/sonnjar.fi\/wp-content\/uploads\/2024\/08\/304771002_470525748417997_4674308681793480842_n-768x960.jpg 768w, https:\/\/sonnjar.fi\/wp-content\/uploads\/2024\/08\/304771002_470525748417997_4674308681793480842_n-1229x1536.jpg 1229w, https:\/\/sonnjar.fi\/wp-content\/uploads\/2024\/08\/304771002_470525748417997_4674308681793480842_n-1170x1463.jpg 1170w\" sizes=\"(max-width: 1440px) 100vw, 1440px\" \/><div class=\"wp-block-cover__inner-container is-layout-flow wp-block-cover-is-layout-flow\">\n<p class=\"has-text-align-center has-large-font-size\"><\/p>\n<\/div><\/div>\n<\/div>\n<\/div>\n<\/div>\n","protected":false},"excerpt":{"rendered":"<p>Yll\u00e4sj\u00e4rvi Toimipisteeni sijaitsee hotelli Yll\u00e4srinteen p\u00e4\u00e4rakennuksen yhteydess\u00e4 Yll\u00e4sj\u00e4rven Palovaarassa. Toimipisteeni osoite on Hotellintie 6, 95980 Yll\u00e4sj\u00e4rvi. Huomioithan, ett\u00e4 hotellin p\u00e4\u00e4rakennus sijaitsee saapuessasi oikealla ennen alhaalla sijaitsevaa hotellin uutta osaa. Hierontaan [&hellip;]<\/p>\n","protected":false},"author":1,"featured_media":0,"parent":0,"menu_order":0,"comment_status":"closed","ping_status":"closed","template":"","meta":{"footnotes":""},"class_list":["post-68","page","type-page","status-publish","hentry"],"_links":{"self":[{"href":"https:\/\/sonnjar.fi\/index.php?rest_route=\/wp\/v2\/pages\/68","targetHints":{"allow":["GET"]}}],"collection":[{"href":"https:\/\/sonnjar.fi\/index.php?rest_route=\/wp\/v2\/pages"}],"about":[{"href":"https:\/\/sonnjar.fi\/index.php?rest_route=\/wp\/v2\/types\/page"}],"author":[{"embeddable":true,"href":"https:\/\/sonnjar.fi\/index.php?rest_route=\/wp\/v2\/users\/1"}],"replies":[{"embeddable":true,"href":"https:\/\/sonnjar.fi\/index.php?rest_route=%2Fwp%2Fv2%2Fcomments&post=68"}],"version-history":[{"count":6,"href":"https:\/\/sonnjar.fi\/index.php?rest_route=\/wp\/v2\/pages\/68\/revisions"}],"predecessor-version":[{"id":177,"href":"https:\/\/sonnjar.fi\/index.php?rest_route=\/wp\/v2\/pages\/68\/revisions\/177"}],"wp:attachment":[{"href":"https:\/\/sonnjar.fi\/index.php?rest_route=%2Fwp%2Fv2%2Fmedia&parent=68"}],"curies":[{"name":"wp","href":"https:\/\/api.w.org\/{rel}","templated":true}]}}