{"id":230,"date":"2026-02-14T13:16:48","date_gmt":"2026-02-14T13:16:48","guid":{"rendered":"https:\/\/sonnjar.fi\/?page_id=230"},"modified":"2026-02-14T13:46:00","modified_gmt":"2026-02-14T13:46:00","slug":"elementor-230","status":"publish","type":"page","link":"https:\/\/sonnjar.fi\/?page_id=230","title":{"rendered":"Private Hosting\/Corporate Inquiries"},"content":{"rendered":"<p>I collaborate with several private hosts and companies in the Lapland region. Are you booking a massage for your company\u2019s employees or clients? Send me an email at sonnjar@gmail.com.<\/p>\n<p>I provide corporate massages based in Yll\u00e4s, mainly in the Levi and Muonio areas. However, I am also available from Kilpisj\u00e4rvi to Inari and Rovaniemi at short notice if needed.<\/p>\n<p>&#8212;&#8212;&#8212;&#8212;&#8212;&#8212;&#8212;&#8212;&#8212;&#8212;&#8212;&#8212;&#8212;&#8212;&#8212;&#8212;&#8212;&#8212;&#8212;&#8212;&#8212;&#8212;&#8212;&#8212;&#8212;&#8212;&#8212;&#8212;&#8212;&#8212;&#8212;&#8212;&#8212;&#8212;&#8212;&#8212;&#8212;&#8212;&#8212;&#8212;&#8212;&#8211;<\/p>\n<p>Teen yhteisty\u00f6t\u00e4 Lapin alueella muutamien private hostien ja yritysten kanssa. Oletko varaamassa hierontaa yrityksesi ty\u00f6ntekij\u00f6ille tai asiakkaille? Laita minulle s\u00e4hk\u00f6postia sonnjar@gmail.com<\/p>\n<p>Teen yrityshierontoja Yll\u00e4kselt\u00e4 k\u00e4sin p\u00e4\u00e4asiassa Levin ja Muonion alueille. Tarvittaessa olen kuitenkin k\u00e4ytett\u00e4viss\u00e4 aina Kilpisj\u00e4rvelt\u00e4 Inariin ja Rovaniemelle saakka nopeallakin aikataululla.<\/p>\n","protected":false},"excerpt":{"rendered":"<p>I collaborate with several private hosts and companies in the Lapland region. Are you booking a massage for your company\u2019s employees or clients? Send me an email at sonnjar@gmail.com. I [&hellip;]<\/p>\n","protected":false},"author":1,"featured_media":0,"parent":0,"menu_order":0,"comment_status":"closed","ping_status":"closed","template":"","meta":{"footnotes":""},"class_list":["post-230","page","type-page","status-publish","hentry"],"_links":{"self":[{"href":"https:\/\/sonnjar.fi\/index.php?rest_route=\/wp\/v2\/pages\/230","targetHints":{"allow":["GET"]}}],"collection":[{"href":"https:\/\/sonnjar.fi\/index.php?rest_route=\/wp\/v2\/pages"}],"about":[{"href":"https:\/\/sonnjar.fi\/index.php?rest_route=\/wp\/v2\/types\/page"}],"author":[{"embeddable":true,"href":"https:\/\/sonnjar.fi\/index.php?rest_route=\/wp\/v2\/users\/1"}],"replies":[{"embeddable":true,"href":"https:\/\/sonnjar.fi\/index.php?rest_route=%2Fwp%2Fv2%2Fcomments&post=230"}],"version-history":[{"count":7,"href":"https:\/\/sonnjar.fi\/index.php?rest_route=\/wp\/v2\/pages\/230\/revisions"}],"predecessor-version":[{"id":242,"href":"https:\/\/sonnjar.fi\/index.php?rest_route=\/wp\/v2\/pages\/230\/revisions\/242"}],"wp:attachment":[{"href":"https:\/\/sonnjar.fi\/index.php?rest_route=%2Fwp%2Fv2%2Fmedia&parent=230"}],"curies":[{"name":"wp","href":"https:\/\/api.w.org\/{rel}","templated":true}]}}